{"id":367,"date":"2023-12-15T18:10:19","date_gmt":"2023-12-15T17:10:19","guid":{"rendered":"https:\/\/christel-secretariat.fr\/?page_id=367"},"modified":"2023-12-15T18:18:25","modified_gmt":"2023-12-15T17:18:25","slug":"mentions-legales","status":"publish","type":"page","link":"https:\/\/christel-secretariat.fr\/index.php\/mentions-legales\/","title":{"rendered":"Mentions L\u00e9gales"},"content":{"rendered":"\t\t<div data-elementor-type=\"wp-page\" data-elementor-id=\"367\" class=\"elementor elementor-367\">\n\t\t\t\t<div class=\"elementor-element elementor-element-7d1a20f e-flex e-con-boxed e-con e-parent\" data-id=\"7d1a20f\" data-element_type=\"container\" data-e-type=\"container\" data-settings=\"{&quot;background_background&quot;:&quot;classic&quot;}\">\n\t\t\t\t\t<div class=\"e-con-inner\">\n\t\t\t\t<div class=\"elementor-element elementor-element-b8ff856 elementor-widget elementor-widget-heading\" data-id=\"b8ff856\" data-element_type=\"widget\" data-e-type=\"widget\" data-widget_type=\"heading.default\">\n\t\t\t\t<div class=\"elementor-widget-container\">\n\t\t\t\t\t<h1 class=\"elementor-heading-title elementor-size-default\">Mentions L\u00e9gales<\/h1>\t\t\t\t<\/div>\n\t\t\t\t<\/div>\n\t\t\t\t<div class=\"elementor-element elementor-element-ebc7f8e elementor-widget elementor-widget-text-editor\" data-id=\"ebc7f8e\" data-element_type=\"widget\" data-e-type=\"widget\" data-widget_type=\"text-editor.default\">\n\t\t\t\t<div class=\"elementor-widget-container\">\n\t\t\t\t\t\t\t\t\t<p>NOM Pr\u00e9nom :<br \/>CORSO Christel<\/p><p>Adresse :<br \/>Chemin du Pas du Hour 40280 BENQUET \u2013 Nouvelle Aquitaine \u2013 France<\/p><p>Coordonn\u00e9es de Contact :<br \/>T\u00e9l : 06.33.84.28.20 \/ Mail : contact@christel-secretariat.fr<\/p><p>H\u00e9bergeur du site :<br \/>Site h\u00e9berg\u00e9 par OVH \u2013 2, Rue Kellerman \u2013 59100 ROUBAIX 6<\/p><p>Num\u00e9ro de SIRET :<br \/>899 999 544 00013<\/p><p>Code APE :<br \/>8211Z<\/p><p>Conditions d\u2019utilisation du site :<br \/>Le site et chacun des \u00e9l\u00e9ments figurant dessus (logos, infographies\u2026) sont prot\u00e9g\u00e9s au titre de la l\u00e9gislation internationale de la propri\u00e9t\u00e9 intellectuelle. Toute utilisation ou reproduction, par quelque proc\u00e9d\u00e9 que ce soit, et sur quelque support que ce soit, de tout ou partie du site n\u2019est pas autoris\u00e9 sans le consentement expresse de Christel CORSO.<\/p><p>Donn\u00e9es Personnelles :<br \/>D\u2019une fa\u00e7on g\u00e9n\u00e9rale, vous pouvez visiter notre site sans avoir \u00e0 d\u00e9cliner votre identit\u00e9 et \u00e0 fournir des informations personnelles vous concernant. Cependant, nous pouvons vous demander des informations. Par exemple pour r\u00e9pondre \u00e0 une demande de RV ou \u00e0 une demande de contact, de devis, d\u2019\u00e9tablissement de correspondance.<\/p>\t\t\t\t\t\t\t\t<\/div>\n\t\t\t\t<\/div>\n\t\t\t\t\t<\/div>\n\t\t\t\t<\/div>\n\t\t\t\t<\/div>\n\t\t","protected":false},"excerpt":{"rendered":"<p>Mentions L\u00e9gales NOM Pr\u00e9nom :CORSO Christel Adresse :Chemin du Pas du Hour 40280 BENQUET \u2013 Nouvelle Aquitaine \u2013 France Coordonn\u00e9es de Contact :T\u00e9l : 06.33.84.28.20 \/ Mail : contact@christel-secretariat.fr H\u00e9bergeur du site :Site h\u00e9berg\u00e9 par OVH \u2013 2, Rue Kellerman \u2013 59100 ROUBAIX 6 Num\u00e9ro de SIRET :899 999 544 00013 Code APE :8211Z Conditions [&hellip;]<\/p>\n","protected":false},"author":2,"featured_media":0,"parent":0,"menu_order":0,"comment_status":"closed","ping_status":"closed","template":"","meta":{"ocean_post_layout":"","ocean_both_sidebars_style":"","ocean_both_sidebars_content_width":0,"ocean_both_sidebars_sidebars_width":0,"ocean_sidebar":"","ocean_second_sidebar":"","ocean_disable_margins":"enable","ocean_add_body_class":"","ocean_shortcode_before_top_bar":"","ocean_shortcode_after_top_bar":"","ocean_shortcode_before_header":"","ocean_shortcode_after_header":"","ocean_has_shortcode":"","ocean_shortcode_after_title":"","ocean_shortcode_before_footer_widgets":"","ocean_shortcode_after_footer_widgets":"","ocean_shortcode_before_footer_bottom":"","ocean_shortcode_after_footer_bottom":"","ocean_display_top_bar":"default","ocean_display_header":"default","ocean_header_style":"","ocean_center_header_left_menu":"","ocean_custom_header_template":"","ocean_custom_logo":0,"ocean_custom_retina_logo":0,"ocean_custom_logo_max_width":0,"ocean_custom_logo_tablet_max_width":0,"ocean_custom_logo_mobile_max_width":0,"ocean_custom_logo_max_height":0,"ocean_custom_logo_tablet_max_height":0,"ocean_custom_logo_mobile_max_height":0,"ocean_header_custom_menu":"","ocean_menu_typo_font_family":"","ocean_menu_typo_font_subset":"","ocean_menu_typo_font_size":0,"ocean_menu_typo_font_size_tablet":0,"ocean_menu_typo_font_size_mobile":0,"ocean_menu_typo_font_size_unit":"px","ocean_menu_typo_font_weight":"","ocean_menu_typo_font_weight_tablet":"","ocean_menu_typo_font_weight_mobile":"","ocean_menu_typo_transform":"","ocean_menu_typo_transform_tablet":"","ocean_menu_typo_transform_mobile":"","ocean_menu_typo_line_height":0,"ocean_menu_typo_line_height_tablet":0,"ocean_menu_typo_line_height_mobile":0,"ocean_menu_typo_line_height_unit":"","ocean_menu_typo_spacing":0,"ocean_menu_typo_spacing_tablet":0,"ocean_menu_typo_spacing_mobile":0,"ocean_menu_typo_spacing_unit":"","ocean_menu_link_color":"","ocean_menu_link_color_hover":"","ocean_menu_link_color_active":"","ocean_menu_link_background":"","ocean_menu_link_hover_background":"","ocean_menu_link_active_background":"","ocean_menu_social_links_bg":"","ocean_menu_social_hover_links_bg":"","ocean_menu_social_links_color":"","ocean_menu_social_hover_links_color":"","ocean_disable_title":"default","ocean_disable_heading":"default","ocean_post_title":"","ocean_post_subheading":"","ocean_post_title_style":"","ocean_post_title_background_color":"","ocean_post_title_background":0,"ocean_post_title_bg_image_position":"","ocean_post_title_bg_image_attachment":"","ocean_post_title_bg_image_repeat":"","ocean_post_title_bg_image_size":"","ocean_post_title_height":0,"ocean_post_title_bg_overlay":0.5,"ocean_post_title_bg_overlay_color":"","ocean_disable_breadcrumbs":"default","ocean_breadcrumbs_color":"","ocean_breadcrumbs_separator_color":"","ocean_breadcrumbs_links_color":"","ocean_breadcrumbs_links_hover_color":"","ocean_display_footer_widgets":"default","ocean_display_footer_bottom":"default","ocean_custom_footer_template":"","footnotes":""},"class_list":["post-367","page","type-page","status-publish","hentry","entry"],"yoast_head":"<!-- This site is optimized with the Yoast SEO plugin v27.5 - https:\/\/yoast.com\/product\/yoast-seo-wordpress\/ -->\n<title>Mentions L\u00e9gales - Christel CORSO Secr\u00e9taire Ind\u00e9pendante<\/title>\n<meta name=\"robots\" content=\"index, follow, max-snippet:-1, max-image-preview:large, max-video-preview:-1\" \/>\n<link rel=\"canonical\" href=\"https:\/\/christel-secretariat.fr\/index.php\/mentions-legales\/\" \/>\n<meta property=\"og:locale\" content=\"fr_FR\" \/>\n<meta property=\"og:type\" content=\"article\" \/>\n<meta property=\"og:title\" content=\"Mentions L\u00e9gales - Christel CORSO Secr\u00e9taire Ind\u00e9pendante\" \/>\n<meta property=\"og:description\" content=\"Mentions L\u00e9gales NOM Pr\u00e9nom :CORSO Christel Adresse :Chemin du Pas du Hour 40280 BENQUET \u2013 Nouvelle Aquitaine \u2013 France Coordonn\u00e9es de Contact :T\u00e9l : 06.33.84.28.20 \/ Mail : contact@christel-secretariat.fr H\u00e9bergeur du site :Site h\u00e9berg\u00e9 par OVH \u2013 2, Rue Kellerman \u2013 59100 ROUBAIX 6 Num\u00e9ro de SIRET :899 999 544 00013 Code APE :8211Z Conditions [&hellip;]\" \/>\n<meta property=\"og:url\" content=\"https:\/\/christel-secretariat.fr\/index.php\/mentions-legales\/\" \/>\n<meta property=\"og:site_name\" content=\"Christel CORSO Secr\u00e9taire Ind\u00e9pendante\" \/>\n<meta property=\"article:modified_time\" content=\"2023-12-15T17:18:25+00:00\" \/>\n<meta name=\"twitter:card\" content=\"summary_large_image\" \/>\n<meta name=\"twitter:label1\" content=\"Dur\u00e9e de lecture estim\u00e9e\" \/>\n\t<meta name=\"twitter:data1\" content=\"1 minute\" \/>\n<script type=\"application\/ld+json\" class=\"yoast-schema-graph\">{\"@context\":\"https:\\\/\\\/schema.org\",\"@graph\":[{\"@type\":\"WebPage\",\"@id\":\"https:\\\/\\\/christel-secretariat.fr\\\/index.php\\\/mentions-legales\\\/\",\"url\":\"https:\\\/\\\/christel-secretariat.fr\\\/index.php\\\/mentions-legales\\\/\",\"name\":\"Mentions L\u00e9gales - Christel CORSO Secr\u00e9taire Ind\u00e9pendante\",\"isPartOf\":{\"@id\":\"https:\\\/\\\/christel-secretariat.fr\\\/#website\"},\"datePublished\":\"2023-12-15T17:10:19+00:00\",\"dateModified\":\"2023-12-15T17:18:25+00:00\",\"breadcrumb\":{\"@id\":\"https:\\\/\\\/christel-secretariat.fr\\\/index.php\\\/mentions-legales\\\/#breadcrumb\"},\"inLanguage\":\"fr-FR\",\"potentialAction\":[{\"@type\":\"ReadAction\",\"target\":[\"https:\\\/\\\/christel-secretariat.fr\\\/index.php\\\/mentions-legales\\\/\"]}]},{\"@type\":\"BreadcrumbList\",\"@id\":\"https:\\\/\\\/christel-secretariat.fr\\\/index.php\\\/mentions-legales\\\/#breadcrumb\",\"itemListElement\":[{\"@type\":\"ListItem\",\"position\":1,\"name\":\"Accueil\",\"item\":\"https:\\\/\\\/christel-secretariat.fr\\\/\"},{\"@type\":\"ListItem\",\"position\":2,\"name\":\"Mentions L\u00e9gales\"}]},{\"@type\":\"WebSite\",\"@id\":\"https:\\\/\\\/christel-secretariat.fr\\\/#website\",\"url\":\"https:\\\/\\\/christel-secretariat.fr\\\/\",\"name\":\"Christel CORSO Secr\u00e9taire Ind\u00e9pendante\",\"description\":\"\",\"publisher\":{\"@id\":\"https:\\\/\\\/christel-secretariat.fr\\\/#\\\/schema\\\/person\\\/9ffc13654f2bd2d60b934f1951985bb5\"},\"potentialAction\":[{\"@type\":\"SearchAction\",\"target\":{\"@type\":\"EntryPoint\",\"urlTemplate\":\"https:\\\/\\\/christel-secretariat.fr\\\/?s={search_term_string}\"},\"query-input\":{\"@type\":\"PropertyValueSpecification\",\"valueRequired\":true,\"valueName\":\"search_term_string\"}}],\"inLanguage\":\"fr-FR\"},{\"@type\":[\"Person\",\"Organization\"],\"@id\":\"https:\\\/\\\/christel-secretariat.fr\\\/#\\\/schema\\\/person\\\/9ffc13654f2bd2d60b934f1951985bb5\",\"name\":\"Christel\",\"image\":{\"@type\":\"ImageObject\",\"inLanguage\":\"fr-FR\",\"@id\":\"https:\\\/\\\/christel-secretariat.fr\\\/wp-content\\\/uploads\\\/2023\\\/12\\\/cropped-FAVICON-CHRISTEL.jpg\",\"url\":\"https:\\\/\\\/christel-secretariat.fr\\\/wp-content\\\/uploads\\\/2023\\\/12\\\/cropped-FAVICON-CHRISTEL.jpg\",\"contentUrl\":\"https:\\\/\\\/christel-secretariat.fr\\\/wp-content\\\/uploads\\\/2023\\\/12\\\/cropped-FAVICON-CHRISTEL.jpg\",\"width\":512,\"height\":512,\"caption\":\"Christel\"},\"logo\":{\"@id\":\"https:\\\/\\\/christel-secretariat.fr\\\/wp-content\\\/uploads\\\/2023\\\/12\\\/cropped-FAVICON-CHRISTEL.jpg\"},\"sameAs\":[\"https:\\\/\\\/christel-secretariat.fr\"]}]}<\/script>\n<!-- \/ Yoast SEO plugin. -->","yoast_head_json":{"title":"Mentions L\u00e9gales - Christel CORSO Secr\u00e9taire Ind\u00e9pendante","robots":{"index":"index","follow":"follow","max-snippet":"max-snippet:-1","max-image-preview":"max-image-preview:large","max-video-preview":"max-video-preview:-1"},"canonical":"https:\/\/christel-secretariat.fr\/index.php\/mentions-legales\/","og_locale":"fr_FR","og_type":"article","og_title":"Mentions L\u00e9gales - Christel CORSO Secr\u00e9taire Ind\u00e9pendante","og_description":"Mentions L\u00e9gales NOM Pr\u00e9nom :CORSO Christel Adresse :Chemin du Pas du Hour 40280 BENQUET \u2013 Nouvelle Aquitaine \u2013 France Coordonn\u00e9es de Contact :T\u00e9l : 06.33.84.28.20 \/ Mail : contact@christel-secretariat.fr H\u00e9bergeur du site :Site h\u00e9berg\u00e9 par OVH \u2013 2, Rue Kellerman \u2013 59100 ROUBAIX 6 Num\u00e9ro de SIRET :899 999 544 00013 Code APE :8211Z Conditions [&hellip;]","og_url":"https:\/\/christel-secretariat.fr\/index.php\/mentions-legales\/","og_site_name":"Christel CORSO Secr\u00e9taire Ind\u00e9pendante","article_modified_time":"2023-12-15T17:18:25+00:00","twitter_card":"summary_large_image","twitter_misc":{"Dur\u00e9e de lecture estim\u00e9e":"1 minute"},"schema":{"@context":"https:\/\/schema.org","@graph":[{"@type":"WebPage","@id":"https:\/\/christel-secretariat.fr\/index.php\/mentions-legales\/","url":"https:\/\/christel-secretariat.fr\/index.php\/mentions-legales\/","name":"Mentions L\u00e9gales - Christel CORSO Secr\u00e9taire Ind\u00e9pendante","isPartOf":{"@id":"https:\/\/christel-secretariat.fr\/#website"},"datePublished":"2023-12-15T17:10:19+00:00","dateModified":"2023-12-15T17:18:25+00:00","breadcrumb":{"@id":"https:\/\/christel-secretariat.fr\/index.php\/mentions-legales\/#breadcrumb"},"inLanguage":"fr-FR","potentialAction":[{"@type":"ReadAction","target":["https:\/\/christel-secretariat.fr\/index.php\/mentions-legales\/"]}]},{"@type":"BreadcrumbList","@id":"https:\/\/christel-secretariat.fr\/index.php\/mentions-legales\/#breadcrumb","itemListElement":[{"@type":"ListItem","position":1,"name":"Accueil","item":"https:\/\/christel-secretariat.fr\/"},{"@type":"ListItem","position":2,"name":"Mentions L\u00e9gales"}]},{"@type":"WebSite","@id":"https:\/\/christel-secretariat.fr\/#website","url":"https:\/\/christel-secretariat.fr\/","name":"Christel CORSO Secr\u00e9taire Ind\u00e9pendante","description":"","publisher":{"@id":"https:\/\/christel-secretariat.fr\/#\/schema\/person\/9ffc13654f2bd2d60b934f1951985bb5"},"potentialAction":[{"@type":"SearchAction","target":{"@type":"EntryPoint","urlTemplate":"https:\/\/christel-secretariat.fr\/?s={search_term_string}"},"query-input":{"@type":"PropertyValueSpecification","valueRequired":true,"valueName":"search_term_string"}}],"inLanguage":"fr-FR"},{"@type":["Person","Organization"],"@id":"https:\/\/christel-secretariat.fr\/#\/schema\/person\/9ffc13654f2bd2d60b934f1951985bb5","name":"Christel","image":{"@type":"ImageObject","inLanguage":"fr-FR","@id":"https:\/\/christel-secretariat.fr\/wp-content\/uploads\/2023\/12\/cropped-FAVICON-CHRISTEL.jpg","url":"https:\/\/christel-secretariat.fr\/wp-content\/uploads\/2023\/12\/cropped-FAVICON-CHRISTEL.jpg","contentUrl":"https:\/\/christel-secretariat.fr\/wp-content\/uploads\/2023\/12\/cropped-FAVICON-CHRISTEL.jpg","width":512,"height":512,"caption":"Christel"},"logo":{"@id":"https:\/\/christel-secretariat.fr\/wp-content\/uploads\/2023\/12\/cropped-FAVICON-CHRISTEL.jpg"},"sameAs":["https:\/\/christel-secretariat.fr"]}]}},"_links":{"self":[{"href":"https:\/\/christel-secretariat.fr\/index.php\/wp-json\/wp\/v2\/pages\/367","targetHints":{"allow":["GET"]}}],"collection":[{"href":"https:\/\/christel-secretariat.fr\/index.php\/wp-json\/wp\/v2\/pages"}],"about":[{"href":"https:\/\/christel-secretariat.fr\/index.php\/wp-json\/wp\/v2\/types\/page"}],"author":[{"embeddable":true,"href":"https:\/\/christel-secretariat.fr\/index.php\/wp-json\/wp\/v2\/users\/2"}],"replies":[{"embeddable":true,"href":"https:\/\/christel-secretariat.fr\/index.php\/wp-json\/wp\/v2\/comments?post=367"}],"version-history":[{"count":11,"href":"https:\/\/christel-secretariat.fr\/index.php\/wp-json\/wp\/v2\/pages\/367\/revisions"}],"predecessor-version":[{"id":379,"href":"https:\/\/christel-secretariat.fr\/index.php\/wp-json\/wp\/v2\/pages\/367\/revisions\/379"}],"wp:attachment":[{"href":"https:\/\/christel-secretariat.fr\/index.php\/wp-json\/wp\/v2\/media?parent=367"}],"curies":[{"name":"wp","href":"https:\/\/api.w.org\/{rel}","templated":true}]}}