{"id":380,"date":"2023-12-15T18:20:24","date_gmt":"2023-12-15T17:20:24","guid":{"rendered":"https:\/\/christel-secretariat.fr\/?page_id=380"},"modified":"2025-07-30T16:51:57","modified_gmt":"2025-07-30T14:51:57","slug":"politique-de-confidentialite-2","status":"publish","type":"page","link":"https:\/\/christel-secretariat.fr\/index.php\/politique-de-confidentialite-2\/","title":{"rendered":"Politique de Confidentialit\u00e9"},"content":{"rendered":"\t\t<div data-elementor-type=\"wp-page\" data-elementor-id=\"380\" class=\"elementor elementor-380\">\n\t\t\t\t<div class=\"elementor-element elementor-element-b4f7a5f e-flex e-con-boxed e-con e-parent\" data-id=\"b4f7a5f\" data-element_type=\"container\" data-e-type=\"container\" data-settings=\"{&quot;background_background&quot;:&quot;classic&quot;}\">\n\t\t\t\t\t<div class=\"e-con-inner\">\n\t\t\t\t<div class=\"elementor-element elementor-element-a612978 elementor-widget elementor-widget-heading\" data-id=\"a612978\" data-element_type=\"widget\" data-e-type=\"widget\" data-widget_type=\"heading.default\">\n\t\t\t\t<div class=\"elementor-widget-container\">\n\t\t\t\t\t<h1 class=\"elementor-heading-title elementor-size-default\">Politique de confidentialit\u00e9<\/h1>\t\t\t\t<\/div>\n\t\t\t\t<\/div>\n\t\t\t\t<div class=\"elementor-element elementor-element-f4ff652 elementor-widget elementor-widget-text-editor\" data-id=\"f4ff652\" data-element_type=\"widget\" data-e-type=\"widget\" data-widget_type=\"text-editor.default\">\n\t\t\t\t<div class=\"elementor-widget-container\">\n\t\t\t\t\t\t\t\t\t<p>Nous nous engageons \u00e0 respecter les dispositions de la loi n\u00b078-17 du 6 janvier 1978 relative \u00e0 l\u2019informatique, aux fichiers et aux libert\u00e9s modifi\u00e9es et au R\u00e8glement UE 2016\/679 du Parlement europ\u00e9en et du Conseil du 27 avril 2016 dit \u00ab RGPD \u00bb et prendre toute pr\u00e9caution n\u00e9cessaire pour pr\u00e9server la s\u00e9curit\u00e9 des informations nominatives confi\u00e9es.<\/p><p>En utilisant ce site et\/ou nos services, vous acceptez le traitement de vos donn\u00e9es personnelles tel que d\u00e9crit dans cette politique de confidentialit\u00e9.<\/p><h3><strong>Qui sommes-nous ?<\/strong><\/h3><p>L\u2019adresse de notre site Web est : https:\/\/christel-secretariat.fr<\/p><h3><strong>Utilisation des donn\u00e9es personnelles collect\u00e9es<\/strong><\/h3><p>Commentaires : Nous n\u2019autorisons pas les commentaires sur notre site.<br \/>Formulaires de contact : Il n&rsquo;y a pas de formulaire de contact sur notre site.<\/p><h3><strong>Cookies<\/strong><\/h3><p>La navigation sur notre site est susceptible de provoquer l\u2019installation de cookie (s) sur l\u2019ordinateur des internautes. Un cookie est un fichier de petite taille, qui ne permet pas l\u2019identification de l\u2019utilisateur, mais qui enregistre des informations relatives \u00e0 la navigation d\u2019un ordinateur sur un site. Les donn\u00e9es ainsi obtenues visent \u00e0 faciliter la navigation ult\u00e9rieure sur le site, et on \u00e9galement vocation \u00e0 permettre diverses mesures de fr\u00e9quentation.<\/p><h3><strong>Statistiques et mesures d\u2019audience<\/strong><\/h3><p>Nous ne suivons pas les visiteurs sur notre site.<\/p><h3><strong>Utilisation et transmission de vos donn\u00e9es personnelles<\/strong><\/h3><p>Nous n\u2019avons aucun syst\u00e8me de paiement int\u00e9gr\u00e9 \u00e0 notre site, ni de partenariat, nous ne partageons donc vos donn\u00e9es avec aucun autre organisme.<br \/>Dur\u00e9es de stockage de vos donn\u00e9es : Les donn\u00e9es collect\u00e9es sont stock\u00e9es durant 1 an.<\/p><h3><strong>Les droits que vous avez sur vos donn\u00e9es<\/strong><\/h3><p>Vous pouvez demander \u00e0 recevoir un fichier contenant toutes les donn\u00e9es personnelles que nous poss\u00e9dons \u00e0 votre sujet, incluant celles que vous nous avez fournies. Vous pouvez \u00e9galement demander la suppression des donn\u00e9es personnelles vous concernant. Cela ne prend pas en compte les donn\u00e9es stock\u00e9es \u00e0 des fins administratives, l\u00e9gales ou pour des raisons de s\u00e9curit\u00e9.<\/p><h3><strong>Transmission de vos donn\u00e9es personnelles<\/strong><\/h3><p>Nous ne transmettons et ne partageons vos donn\u00e9es avec aucun autre organisme.<\/p><h3><strong>Informations de contact<\/strong><\/h3><p>Vous pouvez nous contactez sur notre adresse mail : contact@christel-secretariat.fr<\/p><h3><strong>Informations suppl\u00e9mentaires<\/strong><\/h3><p>Comment nous prot\u00e9geons vos donn\u00e9es : Pour prot\u00e9ger vos informations personnelles, nous prenons des pr\u00e9cautions raisonnables et nous suivons les meilleures pratiques de l\u2019industrie pour nous assurer qu\u2019elles ne soient pas perdues, mal utilis\u00e9es, consult\u00e9es, divulgu\u00e9es, alt\u00e9r\u00e9es, ou d\u00e9truites de mani\u00e8re inappropri\u00e9e. Nous utilisons des protocoles s\u00e9curis\u00e9s pour la communication et le transfert de donn\u00e9es tel que le HTTPS. Nous surveillons nos syst\u00e8mes pour d\u00e9tecter d\u2019\u00e9ventuelles vuln\u00e9rabilit\u00e9s et attaques.<\/p><p>Proc\u00e9dures mises en \u0153uvre en cas de fuite de donn\u00e9es : M\u00eame si nous faisons de notre mieux, nous ne pouvons pas garantir la s\u00e9curit\u00e9 totale de l\u2019information. Cependant, nous nous engageons \u00e0 informer les autorit\u00e9s comp\u00e9tentes des violations de donn\u00e9es. Nous vous aviserons \u00e9galement s\u2019il existe une menace pour vos droits ou int\u00e9r\u00eats. Nous ferons tout ce qui est raisonnablement possible pour pr\u00e9venir les violations de la s\u00e9curit\u00e9 et aider les autorit\u00e9s en cas de violation.<\/p><p>Les services tiers qui nous transmettent des donn\u00e9es : Aucun service tiers ne nous transmet vos donn\u00e9es personnelles.<\/p><p>Op\u00e9rations de marketing automatis\u00e9 et\/ou de profilage r\u00e9alis\u00e9es \u00e0 l\u2019aide des donn\u00e9es personnelles : Ce site n\u2019utilise pas vos donn\u00e9es \u00e0 des fins d\u2019op\u00e9rations de marketing automatis\u00e9. Nous mettrons \u00e0 jour notre politique de confidentialit\u00e9 si cela change.<\/p><p>Affichage des informations li\u00e9es aux secteurs soumis \u00e0 des r\u00e9gulations sp\u00e9cifiques : Nous ne faisons pas partie d\u2019un secteur soumis \u00e0 des r\u00e9gulations sp\u00e9cifiques.<\/p>\t\t\t\t\t\t\t\t<\/div>\n\t\t\t\t<\/div>\n\t\t\t\t\t<\/div>\n\t\t\t\t<\/div>\n\t\t\t\t<\/div>\n\t\t","protected":false},"excerpt":{"rendered":"<p>Politique de confidentialit\u00e9 Nous nous engageons \u00e0 respecter les dispositions de la loi n\u00b078-17 du 6 janvier 1978 relative \u00e0 l\u2019informatique, aux fichiers et aux libert\u00e9s modifi\u00e9es et au R\u00e8glement UE 2016\/679 du Parlement europ\u00e9en et du Conseil du 27 avril 2016 dit \u00ab RGPD \u00bb et prendre toute pr\u00e9caution n\u00e9cessaire pour pr\u00e9server la s\u00e9curit\u00e9 [&hellip;]<\/p>\n","protected":false},"author":2,"featured_media":0,"parent":0,"menu_order":0,"comment_status":"closed","ping_status":"closed","template":"","meta":{"ocean_post_layout":"","ocean_both_sidebars_style":"","ocean_both_sidebars_content_width":0,"ocean_both_sidebars_sidebars_width":0,"ocean_sidebar":"","ocean_second_sidebar":"","ocean_disable_margins":"enable","ocean_add_body_class":"","ocean_shortcode_before_top_bar":"","ocean_shortcode_after_top_bar":"","ocean_shortcode_before_header":"","ocean_shortcode_after_header":"","ocean_has_shortcode":"","ocean_shortcode_after_title":"","ocean_shortcode_before_footer_widgets":"","ocean_shortcode_after_footer_widgets":"","ocean_shortcode_before_footer_bottom":"","ocean_shortcode_after_footer_bottom":"","ocean_display_top_bar":"default","ocean_display_header":"default","ocean_header_style":"","ocean_center_header_left_menu":"","ocean_custom_header_template":"","ocean_custom_logo":0,"ocean_custom_retina_logo":0,"ocean_custom_logo_max_width":0,"ocean_custom_logo_tablet_max_width":0,"ocean_custom_logo_mobile_max_width":0,"ocean_custom_logo_max_height":0,"ocean_custom_logo_tablet_max_height":0,"ocean_custom_logo_mobile_max_height":0,"ocean_header_custom_menu":"","ocean_menu_typo_font_family":"","ocean_menu_typo_font_subset":"","ocean_menu_typo_font_size":0,"ocean_menu_typo_font_size_tablet":0,"ocean_menu_typo_font_size_mobile":0,"ocean_menu_typo_font_size_unit":"px","ocean_menu_typo_font_weight":"","ocean_menu_typo_font_weight_tablet":"","ocean_menu_typo_font_weight_mobile":"","ocean_menu_typo_transform":"","ocean_menu_typo_transform_tablet":"","ocean_menu_typo_transform_mobile":"","ocean_menu_typo_line_height":0,"ocean_menu_typo_line_height_tablet":0,"ocean_menu_typo_line_height_mobile":0,"ocean_menu_typo_line_height_unit":"","ocean_menu_typo_spacing":0,"ocean_menu_typo_spacing_tablet":0,"ocean_menu_typo_spacing_mobile":0,"ocean_menu_typo_spacing_unit":"","ocean_menu_link_color":"","ocean_menu_link_color_hover":"","ocean_menu_link_color_active":"","ocean_menu_link_background":"","ocean_menu_link_hover_background":"","ocean_menu_link_active_background":"","ocean_menu_social_links_bg":"","ocean_menu_social_hover_links_bg":"","ocean_menu_social_links_color":"","ocean_menu_social_hover_links_color":"","ocean_disable_title":"default","ocean_disable_heading":"default","ocean_post_title":"","ocean_post_subheading":"","ocean_post_title_style":"","ocean_post_title_background_color":"","ocean_post_title_background":0,"ocean_post_title_bg_image_position":"","ocean_post_title_bg_image_attachment":"","ocean_post_title_bg_image_repeat":"","ocean_post_title_bg_image_size":"","ocean_post_title_height":0,"ocean_post_title_bg_overlay":0.5,"ocean_post_title_bg_overlay_color":"","ocean_disable_breadcrumbs":"default","ocean_breadcrumbs_color":"","ocean_breadcrumbs_separator_color":"","ocean_breadcrumbs_links_color":"","ocean_breadcrumbs_links_hover_color":"","ocean_display_footer_widgets":"default","ocean_display_footer_bottom":"default","ocean_custom_footer_template":"","footnotes":""},"class_list":["post-380","page","type-page","status-publish","hentry","entry"],"yoast_head":"<!-- This site is optimized with the Yoast SEO plugin v27.3 - https:\/\/yoast.com\/product\/yoast-seo-wordpress\/ -->\n<title>Politique de Confidentialit\u00e9 - Christel CORSO Secr\u00e9taire Ind\u00e9pendante<\/title>\n<meta name=\"robots\" content=\"index, follow, max-snippet:-1, max-image-preview:large, max-video-preview:-1\" \/>\n<link rel=\"canonical\" href=\"https:\/\/christel-secretariat.fr\/index.php\/politique-de-confidentialite-2\/\" \/>\n<meta property=\"og:locale\" content=\"fr_FR\" \/>\n<meta property=\"og:type\" content=\"article\" \/>\n<meta property=\"og:title\" content=\"Politique de Confidentialit\u00e9 - Christel CORSO Secr\u00e9taire Ind\u00e9pendante\" \/>\n<meta property=\"og:description\" content=\"Politique de confidentialit\u00e9 Nous nous engageons \u00e0 respecter les dispositions de la loi n\u00b078-17 du 6 janvier 1978 relative \u00e0 l\u2019informatique, aux fichiers et aux libert\u00e9s modifi\u00e9es et au R\u00e8glement UE 2016\/679 du Parlement europ\u00e9en et du Conseil du 27 avril 2016 dit \u00ab RGPD \u00bb et prendre toute pr\u00e9caution n\u00e9cessaire pour pr\u00e9server la s\u00e9curit\u00e9 [&hellip;]\" \/>\n<meta property=\"og:url\" content=\"https:\/\/christel-secretariat.fr\/index.php\/politique-de-confidentialite-2\/\" \/>\n<meta property=\"og:site_name\" content=\"Christel CORSO Secr\u00e9taire Ind\u00e9pendante\" \/>\n<meta property=\"article:modified_time\" content=\"2025-07-30T14:51:57+00:00\" \/>\n<meta name=\"twitter:card\" content=\"summary_large_image\" \/>\n<meta name=\"twitter:label1\" content=\"Dur\u00e9e de lecture estim\u00e9e\" \/>\n\t<meta name=\"twitter:data1\" content=\"3 minutes\" \/>\n<script type=\"application\/ld+json\" class=\"yoast-schema-graph\">{\"@context\":\"https:\\\/\\\/schema.org\",\"@graph\":[{\"@type\":\"WebPage\",\"@id\":\"https:\\\/\\\/christel-secretariat.fr\\\/index.php\\\/politique-de-confidentialite-2\\\/\",\"url\":\"https:\\\/\\\/christel-secretariat.fr\\\/index.php\\\/politique-de-confidentialite-2\\\/\",\"name\":\"Politique de Confidentialit\u00e9 - Christel CORSO Secr\u00e9taire Ind\u00e9pendante\",\"isPartOf\":{\"@id\":\"https:\\\/\\\/christel-secretariat.fr\\\/#website\"},\"datePublished\":\"2023-12-15T17:20:24+00:00\",\"dateModified\":\"2025-07-30T14:51:57+00:00\",\"breadcrumb\":{\"@id\":\"https:\\\/\\\/christel-secretariat.fr\\\/index.php\\\/politique-de-confidentialite-2\\\/#breadcrumb\"},\"inLanguage\":\"fr-FR\",\"potentialAction\":[{\"@type\":\"ReadAction\",\"target\":[\"https:\\\/\\\/christel-secretariat.fr\\\/index.php\\\/politique-de-confidentialite-2\\\/\"]}]},{\"@type\":\"BreadcrumbList\",\"@id\":\"https:\\\/\\\/christel-secretariat.fr\\\/index.php\\\/politique-de-confidentialite-2\\\/#breadcrumb\",\"itemListElement\":[{\"@type\":\"ListItem\",\"position\":1,\"name\":\"Accueil\",\"item\":\"https:\\\/\\\/christel-secretariat.fr\\\/\"},{\"@type\":\"ListItem\",\"position\":2,\"name\":\"Politique de Confidentialit\u00e9\"}]},{\"@type\":\"WebSite\",\"@id\":\"https:\\\/\\\/christel-secretariat.fr\\\/#website\",\"url\":\"https:\\\/\\\/christel-secretariat.fr\\\/\",\"name\":\"Christel CORSO Secr\u00e9taire Ind\u00e9pendante\",\"description\":\"\",\"publisher\":{\"@id\":\"https:\\\/\\\/christel-secretariat.fr\\\/#\\\/schema\\\/person\\\/9ffc13654f2bd2d60b934f1951985bb5\"},\"potentialAction\":[{\"@type\":\"SearchAction\",\"target\":{\"@type\":\"EntryPoint\",\"urlTemplate\":\"https:\\\/\\\/christel-secretariat.fr\\\/?s={search_term_string}\"},\"query-input\":{\"@type\":\"PropertyValueSpecification\",\"valueRequired\":true,\"valueName\":\"search_term_string\"}}],\"inLanguage\":\"fr-FR\"},{\"@type\":[\"Person\",\"Organization\"],\"@id\":\"https:\\\/\\\/christel-secretariat.fr\\\/#\\\/schema\\\/person\\\/9ffc13654f2bd2d60b934f1951985bb5\",\"name\":\"Christel\",\"image\":{\"@type\":\"ImageObject\",\"inLanguage\":\"fr-FR\",\"@id\":\"https:\\\/\\\/christel-secretariat.fr\\\/wp-content\\\/uploads\\\/2023\\\/12\\\/cropped-FAVICON-CHRISTEL.jpg\",\"url\":\"https:\\\/\\\/christel-secretariat.fr\\\/wp-content\\\/uploads\\\/2023\\\/12\\\/cropped-FAVICON-CHRISTEL.jpg\",\"contentUrl\":\"https:\\\/\\\/christel-secretariat.fr\\\/wp-content\\\/uploads\\\/2023\\\/12\\\/cropped-FAVICON-CHRISTEL.jpg\",\"width\":512,\"height\":512,\"caption\":\"Christel\"},\"logo\":{\"@id\":\"https:\\\/\\\/christel-secretariat.fr\\\/wp-content\\\/uploads\\\/2023\\\/12\\\/cropped-FAVICON-CHRISTEL.jpg\"},\"sameAs\":[\"https:\\\/\\\/christel-secretariat.fr\"]}]}<\/script>\n<!-- \/ Yoast SEO plugin. -->","yoast_head_json":{"title":"Politique de Confidentialit\u00e9 - Christel CORSO Secr\u00e9taire Ind\u00e9pendante","robots":{"index":"index","follow":"follow","max-snippet":"max-snippet:-1","max-image-preview":"max-image-preview:large","max-video-preview":"max-video-preview:-1"},"canonical":"https:\/\/christel-secretariat.fr\/index.php\/politique-de-confidentialite-2\/","og_locale":"fr_FR","og_type":"article","og_title":"Politique de Confidentialit\u00e9 - Christel CORSO Secr\u00e9taire Ind\u00e9pendante","og_description":"Politique de confidentialit\u00e9 Nous nous engageons \u00e0 respecter les dispositions de la loi n\u00b078-17 du 6 janvier 1978 relative \u00e0 l\u2019informatique, aux fichiers et aux libert\u00e9s modifi\u00e9es et au R\u00e8glement UE 2016\/679 du Parlement europ\u00e9en et du Conseil du 27 avril 2016 dit \u00ab RGPD \u00bb et prendre toute pr\u00e9caution n\u00e9cessaire pour pr\u00e9server la s\u00e9curit\u00e9 [&hellip;]","og_url":"https:\/\/christel-secretariat.fr\/index.php\/politique-de-confidentialite-2\/","og_site_name":"Christel CORSO Secr\u00e9taire Ind\u00e9pendante","article_modified_time":"2025-07-30T14:51:57+00:00","twitter_card":"summary_large_image","twitter_misc":{"Dur\u00e9e de lecture estim\u00e9e":"3 minutes"},"schema":{"@context":"https:\/\/schema.org","@graph":[{"@type":"WebPage","@id":"https:\/\/christel-secretariat.fr\/index.php\/politique-de-confidentialite-2\/","url":"https:\/\/christel-secretariat.fr\/index.php\/politique-de-confidentialite-2\/","name":"Politique de Confidentialit\u00e9 - Christel CORSO Secr\u00e9taire Ind\u00e9pendante","isPartOf":{"@id":"https:\/\/christel-secretariat.fr\/#website"},"datePublished":"2023-12-15T17:20:24+00:00","dateModified":"2025-07-30T14:51:57+00:00","breadcrumb":{"@id":"https:\/\/christel-secretariat.fr\/index.php\/politique-de-confidentialite-2\/#breadcrumb"},"inLanguage":"fr-FR","potentialAction":[{"@type":"ReadAction","target":["https:\/\/christel-secretariat.fr\/index.php\/politique-de-confidentialite-2\/"]}]},{"@type":"BreadcrumbList","@id":"https:\/\/christel-secretariat.fr\/index.php\/politique-de-confidentialite-2\/#breadcrumb","itemListElement":[{"@type":"ListItem","position":1,"name":"Accueil","item":"https:\/\/christel-secretariat.fr\/"},{"@type":"ListItem","position":2,"name":"Politique de Confidentialit\u00e9"}]},{"@type":"WebSite","@id":"https:\/\/christel-secretariat.fr\/#website","url":"https:\/\/christel-secretariat.fr\/","name":"Christel CORSO Secr\u00e9taire Ind\u00e9pendante","description":"","publisher":{"@id":"https:\/\/christel-secretariat.fr\/#\/schema\/person\/9ffc13654f2bd2d60b934f1951985bb5"},"potentialAction":[{"@type":"SearchAction","target":{"@type":"EntryPoint","urlTemplate":"https:\/\/christel-secretariat.fr\/?s={search_term_string}"},"query-input":{"@type":"PropertyValueSpecification","valueRequired":true,"valueName":"search_term_string"}}],"inLanguage":"fr-FR"},{"@type":["Person","Organization"],"@id":"https:\/\/christel-secretariat.fr\/#\/schema\/person\/9ffc13654f2bd2d60b934f1951985bb5","name":"Christel","image":{"@type":"ImageObject","inLanguage":"fr-FR","@id":"https:\/\/christel-secretariat.fr\/wp-content\/uploads\/2023\/12\/cropped-FAVICON-CHRISTEL.jpg","url":"https:\/\/christel-secretariat.fr\/wp-content\/uploads\/2023\/12\/cropped-FAVICON-CHRISTEL.jpg","contentUrl":"https:\/\/christel-secretariat.fr\/wp-content\/uploads\/2023\/12\/cropped-FAVICON-CHRISTEL.jpg","width":512,"height":512,"caption":"Christel"},"logo":{"@id":"https:\/\/christel-secretariat.fr\/wp-content\/uploads\/2023\/12\/cropped-FAVICON-CHRISTEL.jpg"},"sameAs":["https:\/\/christel-secretariat.fr"]}]}},"_links":{"self":[{"href":"https:\/\/christel-secretariat.fr\/index.php\/wp-json\/wp\/v2\/pages\/380","targetHints":{"allow":["GET"]}}],"collection":[{"href":"https:\/\/christel-secretariat.fr\/index.php\/wp-json\/wp\/v2\/pages"}],"about":[{"href":"https:\/\/christel-secretariat.fr\/index.php\/wp-json\/wp\/v2\/types\/page"}],"author":[{"embeddable":true,"href":"https:\/\/christel-secretariat.fr\/index.php\/wp-json\/wp\/v2\/users\/2"}],"replies":[{"embeddable":true,"href":"https:\/\/christel-secretariat.fr\/index.php\/wp-json\/wp\/v2\/comments?post=380"}],"version-history":[{"count":25,"href":"https:\/\/christel-secretariat.fr\/index.php\/wp-json\/wp\/v2\/pages\/380\/revisions"}],"predecessor-version":[{"id":763,"href":"https:\/\/christel-secretariat.fr\/index.php\/wp-json\/wp\/v2\/pages\/380\/revisions\/763"}],"wp:attachment":[{"href":"https:\/\/christel-secretariat.fr\/index.php\/wp-json\/wp\/v2\/media?parent=380"}],"curies":[{"name":"wp","href":"https:\/\/api.w.org\/{rel}","templated":true}]}}